{"id":606,"date":"2024-12-29T19:07:59","date_gmt":"2024-12-29T18:07:59","guid":{"rendered":"https:\/\/lafratrie.be\/?page_id=606"},"modified":"2025-01-04T15:18:51","modified_gmt":"2025-01-04T14:18:51","slug":"ecologie","status":"publish","type":"page","link":"https:\/\/lafratrie.be\/index.php\/ecologie\/","title":{"rendered":"L&rsquo;\u00c9COLOGIE"},"content":{"rendered":"\t\t<div data-elementor-type=\"wp-page\" data-elementor-id=\"606\" class=\"elementor elementor-606\" data-elementor-post-type=\"page\">\n\t\t\t\t\t\t<section class=\"elementor-section elementor-top-section elementor-element elementor-element-d2da30a elementor-section-full_width elementor-section-height-default elementor-section-height-default\" data-id=\"d2da30a\" data-element_type=\"section\">\n\t\t\t\t\t\t<div class=\"elementor-container elementor-column-gap-default\">\n\t\t\t\t\t<div class=\"elementor-column elementor-col-100 elementor-top-column elementor-element elementor-element-80a6773\" data-id=\"80a6773\" data-element_type=\"column\" data-settings=\"{&quot;background_background&quot;:&quot;classic&quot;}\">\n\t\t\t<div class=\"elementor-widget-wrap elementor-element-populated\">\n\t\t\t\t\t\t<div class=\"elementor-element elementor-element-075380b elementor-widget elementor-widget-spacer\" data-id=\"075380b\" data-element_type=\"widget\" data-widget_type=\"spacer.default\">\n\t\t\t\t<div class=\"elementor-widget-container\">\n\t\t\t\t\t<div class=\"elementor-spacer\">\n\t\t\t<div class=\"elementor-spacer-inner\"><\/div>\n\t\t<\/div>\n\t\t\t\t<\/div>\n\t\t\t\t<\/div>\n\t\t\t\t<div class=\"elementor-element elementor-element-5bde437 elementor-widget__width-initial elementor-widget elementor-widget-heading\" data-id=\"5bde437\" data-element_type=\"widget\" data-widget_type=\"heading.default\">\n\t\t\t\t<div class=\"elementor-widget-container\">\n\t\t\t<h2 class=\"elementor-heading-title elementor-size-default\">\u00c9cologie<\/h2>\t\t<\/div>\n\t\t\t\t<\/div>\n\t\t\t\t<div class=\"elementor-element elementor-element-b2ad7f1 elementor-invisible elementor-widget elementor-widget-heading\" data-id=\"b2ad7f1\" data-element_type=\"widget\" data-settings=\"{&quot;_animation&quot;:&quot;fadeInUp&quot;}\" data-widget_type=\"heading.default\">\n\t\t\t\t<div class=\"elementor-widget-container\">\n\t\t\t<h2 class=\"elementor-heading-title elementor-size-default\">Il n'y a pas de plan\u00e8te B<\/h2>\t\t<\/div>\n\t\t\t\t<\/div>\n\t\t\t\t<div class=\"elementor-element elementor-element-181fe7c elementor-widget__width-initial elementor-widget elementor-widget-text-editor\" data-id=\"181fe7c\" data-element_type=\"widget\" data-widget_type=\"text-editor.default\">\n\t\t\t\t<div class=\"elementor-widget-container\">\n\t\t\t\t\t\t\t<p>Nous ne sommes pas parfaits, mais nous avons choisi d\u2019agir avec coh\u00e9rence et responsabilit\u00e9. En partageant avec vous notre progression, nous esp\u00e9rons \u00e0 la fois inspirer d&rsquo;autres mais aussi sensibiliser<\/p>\t\t\t\t\t\t<\/div>\n\t\t\t\t<\/div>\n\t\t\t\t<section class=\"elementor-section elementor-inner-section elementor-element elementor-element-d5da758 elementor-section-boxed elementor-section-height-default elementor-section-height-default\" data-id=\"d5da758\" data-element_type=\"section\">\n\t\t\t\t\t\t<div class=\"elementor-container elementor-column-gap-default\">\n\t\t\t\t\t<div class=\"elementor-column elementor-col-50 elementor-inner-column elementor-element elementor-element-b03f9e8\" data-id=\"b03f9e8\" data-element_type=\"column\">\n\t\t\t<div class=\"elementor-widget-wrap elementor-element-populated\">\n\t\t\t\t\t\t<div class=\"elementor-element elementor-element-567bdc4 elementor-widget elementor-widget-image\" data-id=\"567bdc4\" data-element_type=\"widget\" data-widget_type=\"image.default\">\n\t\t\t\t<div class=\"elementor-widget-container\">\n\t\t\t\t\t\t\t\t\t\t\t\t\t<img fetchpriority=\"high\" decoding=\"async\" width=\"800\" height=\"534\" src=\"https:\/\/lafratrie.be\/wp-content\/uploads\/2024\/12\/DSC00843-1024x683.jpg\" class=\"attachment-large size-large wp-image-743\" alt=\"\" srcset=\"https:\/\/lafratrie.be\/wp-content\/uploads\/2024\/12\/DSC00843-1024x683.jpg 1024w, https:\/\/lafratrie.be\/wp-content\/uploads\/2024\/12\/DSC00843-300x200.jpg 300w, https:\/\/lafratrie.be\/wp-content\/uploads\/2024\/12\/DSC00843-768x512.jpg 768w, https:\/\/lafratrie.be\/wp-content\/uploads\/2024\/12\/DSC00843-1536x1024.jpg 1536w, https:\/\/lafratrie.be\/wp-content\/uploads\/2024\/12\/DSC00843-2048x1365.jpg 2048w\" sizes=\"(max-width: 800px) 100vw, 800px\" \/>\t\t\t\t\t\t\t\t\t\t\t\t\t<\/div>\n\t\t\t\t<\/div>\n\t\t\t\t\t<\/div>\n\t\t<\/div>\n\t\t\t\t<div class=\"elementor-column elementor-col-50 elementor-inner-column elementor-element elementor-element-0efcd25\" data-id=\"0efcd25\" data-element_type=\"column\">\n\t\t\t<div class=\"elementor-widget-wrap elementor-element-populated\">\n\t\t\t\t\t\t<div class=\"elementor-element elementor-element-37d9b0a elementor-widget elementor-widget-image\" data-id=\"37d9b0a\" data-element_type=\"widget\" data-widget_type=\"image.default\">\n\t\t\t\t<div class=\"elementor-widget-container\">\n\t\t\t\t\t\t\t\t\t\t\t\t\t<img decoding=\"async\" width=\"2560\" height=\"1707\" src=\"https:\/\/lafratrie.be\/wp-content\/uploads\/2024\/12\/DSC00555-scaled.jpg\" class=\"attachment-full size-full wp-image-746\" alt=\"\" srcset=\"https:\/\/lafratrie.be\/wp-content\/uploads\/2024\/12\/DSC00555-scaled.jpg 2560w, https:\/\/lafratrie.be\/wp-content\/uploads\/2024\/12\/DSC00555-300x200.jpg 300w, https:\/\/lafratrie.be\/wp-content\/uploads\/2024\/12\/DSC00555-1024x683.jpg 1024w, https:\/\/lafratrie.be\/wp-content\/uploads\/2024\/12\/DSC00555-768x512.jpg 768w, https:\/\/lafratrie.be\/wp-content\/uploads\/2024\/12\/DSC00555-1536x1024.jpg 1536w, https:\/\/lafratrie.be\/wp-content\/uploads\/2024\/12\/DSC00555-2048x1365.jpg 2048w\" sizes=\"(max-width: 2560px) 100vw, 2560px\" \/>\t\t\t\t\t\t\t\t\t\t\t\t\t<\/div>\n\t\t\t\t<\/div>\n\t\t\t\t\t<\/div>\n\t\t<\/div>\n\t\t\t\t\t<\/div>\n\t\t<\/section>\n\t\t\t\t<div class=\"elementor-element elementor-element-e4d79fd elementor-widget-divider--view-line elementor-widget elementor-widget-divider\" data-id=\"e4d79fd\" data-element_type=\"widget\" data-widget_type=\"divider.default\">\n\t\t\t\t<div class=\"elementor-widget-container\">\n\t\t\t\t\t<div class=\"elementor-divider\">\n\t\t\t<span class=\"elementor-divider-separator\">\n\t\t\t\t\t\t<\/span>\n\t\t<\/div>\n\t\t\t\t<\/div>\n\t\t\t\t<\/div>\n\t\t\t\t\t<\/div>\n\t\t<\/div>\n\t\t\t\t\t<\/div>\n\t\t<\/section>\n\t\t\t\t<section class=\"elementor-section elementor-top-section elementor-element elementor-element-f86b467 elementor-section-full_width elementor-section-height-default elementor-section-height-default\" data-id=\"f86b467\" data-element_type=\"section\">\n\t\t\t\t\t\t<div class=\"elementor-container elementor-column-gap-default\">\n\t\t\t\t\t<div class=\"elementor-column elementor-col-100 elementor-top-column elementor-element elementor-element-7a20cc7\" data-id=\"7a20cc7\" data-element_type=\"column\" data-settings=\"{&quot;background_background&quot;:&quot;classic&quot;}\">\n\t\t\t<div class=\"elementor-widget-wrap elementor-element-populated\">\n\t\t\t\t\t\t<div class=\"elementor-element elementor-element-7bd3b8f elementor-widget elementor-widget-text-editor\" data-id=\"7bd3b8f\" data-element_type=\"widget\" data-widget_type=\"text-editor.default\">\n\t\t\t\t<div class=\"elementor-widget-container\">\n\t\t\t\t\t\t\t<p data-pm-slice=\"1 1 []\">\u00c0 La Fratrie, nous croyons qu\u2019il est essentiel d\u2019agir pour pr\u00e9server notre environnement. Nous souhaitons partager avec vous ce que nous faisons concr\u00e8tement dans nos \u00e9tablissements de Paliseul et Saint-Hubert pour r\u00e9duire notre impact \u00e9cologique. Cependant, nous voulons \u00eatre clairs : nous ne pr\u00e9tendons pas \u00eatre un mod\u00e8le parfait d\u2019\u00e9coresponsabilit\u00e9. Nous sommes en transition, avec l\u2019humilit\u00e9 de reconna\u00eetre que le chemin est encore long.<\/p>\t\t\t\t\t\t<\/div>\n\t\t\t\t<\/div>\n\t\t\t\t<div class=\"elementor-element elementor-element-5838ff2 elementor-widget elementor-widget-heading\" data-id=\"5838ff2\" data-element_type=\"widget\" data-widget_type=\"heading.default\">\n\t\t\t\t<div class=\"elementor-widget-container\">\n\t\t\t<h2 class=\"elementor-heading-title elementor-size-default\">une transition honn\u00eate &amp; responsable<\/h2>\t\t<\/div>\n\t\t\t\t<\/div>\n\t\t\t\t<div class=\"elementor-element elementor-element-19aac0c elementor-widget elementor-widget-text-editor\" data-id=\"19aac0c\" data-element_type=\"widget\" data-widget_type=\"text-editor.default\">\n\t\t\t\t<div class=\"elementor-widget-container\">\n\t\t\t\t\t\t\t<p>Nous savons que parler d\u2019\u00e9cologie peut parfois sembler opportuniste ou hypocrite. C\u2019est pourquoi nous pr\u00e9f\u00e9rons \u00eatre transparents : notre objectif est de progresser, \u00e0 notre \u00e9chelle et avec nos moyens, vers des pratiques plus durables. Cette d\u00e9marche n\u2019est pas une campagne de marketing, mais une r\u00e9flexion sinc\u00e8re sur la fa\u00e7on dont nous pouvons contribuer \u00e0 un avenir plus respectueux de l\u2019environnement.<\/p>\t\t\t\t\t\t<\/div>\n\t\t\t\t<\/div>\n\t\t\t\t<div class=\"elementor-element elementor-element-3ed4229 elementor-widget elementor-widget-heading\" data-id=\"3ed4229\" data-element_type=\"widget\" data-widget_type=\"heading.default\">\n\t\t\t\t<div class=\"elementor-widget-container\">\n\t\t\t<h2 class=\"elementor-heading-title elementor-size-default\">contenants compostables<\/h2>\t\t<\/div>\n\t\t\t\t<\/div>\n\t\t\t\t<div class=\"elementor-element elementor-element-69dabab elementor-widget elementor-widget-text-editor\" data-id=\"69dabab\" data-element_type=\"widget\" data-widget_type=\"text-editor.default\">\n\t\t\t\t<div class=\"elementor-widget-container\">\n\t\t\t\t\t\t\t<p data-pm-slice=\"1 1 []\">Tous nos contenants, y compris les barquettes, sachets, pots de sauces, et emballages de viandes, sont compostables. Les \u00e9pluchures de pommes de terre, issues de notre production maison, sont destin\u00e9es \u00e0 la biom\u00e9thanisation, contribuant ainsi \u00e0 la production d\u2019\u00e9nergie verte.<\/p>\t\t\t\t\t\t<\/div>\n\t\t\t\t<\/div>\n\t\t\t\t<div class=\"elementor-element elementor-element-1ffe0b5 elementor-widget elementor-widget-heading\" data-id=\"1ffe0b5\" data-element_type=\"widget\" data-widget_type=\"heading.default\">\n\t\t\t\t<div class=\"elementor-widget-container\">\n\t\t\t<h2 class=\"elementor-heading-title elementor-size-default\">Panneaux solaires<\/h2>\t\t<\/div>\n\t\t\t\t<\/div>\n\t\t\t\t<div class=\"elementor-element elementor-element-e1bcd34 elementor-widget elementor-widget-text-editor\" data-id=\"e1bcd34\" data-element_type=\"widget\" data-widget_type=\"text-editor.default\">\n\t\t\t\t<div class=\"elementor-widget-container\">\n\t\t\t\t\t\t\t<p data-pm-slice=\"1 1 []\">Nos \u00e9tablissements de Paliseul et Saint-Hubert sont \u00e9quip\u00e9s de panneaux solaires, nous permettant de r\u00e9duire notre consommation d\u2019\u00e9nergie fossile et de contribuer \u00e0 la production d\u2019\u00e9nergie renouvelable.<\/p>\t\t\t\t\t\t<\/div>\n\t\t\t\t<\/div>\n\t\t\t\t<div class=\"elementor-element elementor-element-3372daa elementor-widget elementor-widget-heading\" data-id=\"3372daa\" data-element_type=\"widget\" data-widget_type=\"heading.default\">\n\t\t\t\t<div class=\"elementor-widget-container\">\n\t\t\t<h2 class=\"elementor-heading-title elementor-size-default\">Recyclage des huiles de friture<\/h2>\t\t<\/div>\n\t\t\t\t<\/div>\n\t\t\t\t<div class=\"elementor-element elementor-element-a8b0ef0 elementor-widget elementor-widget-text-editor\" data-id=\"a8b0ef0\" data-element_type=\"widget\" data-widget_type=\"text-editor.default\">\n\t\t\t\t<div class=\"elementor-widget-container\">\n\t\t\t\t\t\t\t<p data-pm-slice=\"1 1 []\">Nous collaborons avec une entreprise sp\u00e9cialis\u00e9e pour recycler nos huiles usag\u00e9es en biocarburant durable, respectant ainsi les normes environnementales europ\u00e9ennes les plus strictes.<\/p>\t\t\t\t\t\t<\/div>\n\t\t\t\t<\/div>\n\t\t\t\t<div class=\"elementor-element elementor-element-61d1ec6 elementor-widget elementor-widget-heading\" data-id=\"61d1ec6\" data-element_type=\"widget\" data-widget_type=\"heading.default\">\n\t\t\t\t<div class=\"elementor-widget-container\">\n\t\t\t<h2 class=\"elementor-heading-title elementor-size-default\">Produits d\u2019entretien \u00e9cologiques<\/h2>\t\t<\/div>\n\t\t\t\t<\/div>\n\t\t\t\t<div class=\"elementor-element elementor-element-98e8d36 elementor-widget elementor-widget-text-editor\" data-id=\"98e8d36\" data-element_type=\"widget\" data-widget_type=\"text-editor.default\">\n\t\t\t\t<div class=\"elementor-widget-container\">\n\t\t\t\t\t\t\t<p data-pm-slice=\"1 1 []\">Nous utilisons en partie les produits locaux et \u00e9cologiques de \u00ab\u00a0LaverVert\u00a0\u00bb, approuv\u00e9s par notre \u00e9quipe. Ces produits, exempts de substances p\u00e9trochimiques, contribuent \u00e0 r\u00e9duire notre impact environnemental.<\/p>\t\t\t\t\t\t<\/div>\n\t\t\t\t<\/div>\n\t\t\t\t<div class=\"elementor-element elementor-element-d59d9d6 elementor-widget elementor-widget-heading\" data-id=\"d59d9d6\" data-element_type=\"widget\" data-widget_type=\"heading.default\">\n\t\t\t\t<div class=\"elementor-widget-container\">\n\t\t\t<h2 class=\"elementor-heading-title elementor-size-default\">Soutien aux circuits courts et produits locaux<\/h2>\t\t<\/div>\n\t\t\t\t<\/div>\n\t\t\t\t<div class=\"elementor-element elementor-element-3a5d56e elementor-widget elementor-widget-text-editor\" data-id=\"3a5d56e\" data-element_type=\"widget\" data-widget_type=\"text-editor.default\">\n\t\t\t\t<div class=\"elementor-widget-container\">\n\t\t\t\t\t\t\t<p data-pm-slice=\"1 1 []\">65% de notre chiffre d&rsquo;affaires provient de produits issus de commerces locaux. En consommant localement, nous contribuons \u00e0 r\u00e9duire les \u00e9missions de CO2 li\u00e9es au transport, \u00e0 soutenir l\u2019\u00e9conomie locale et \u00e0 favoriser une agriculture respectueuse de l\u2019environnement.<\/p>\t\t\t\t\t\t<\/div>\n\t\t\t\t<\/div>\n\t\t\t\t<div class=\"elementor-element elementor-element-2bc7212 elementor-widget elementor-widget-heading\" data-id=\"2bc7212\" data-element_type=\"widget\" data-widget_type=\"heading.default\">\n\t\t\t\t<div class=\"elementor-widget-container\">\n\t\t\t<h2 class=\"elementor-heading-title elementor-size-default\">Sensibilisation et tri des d\u00e9chets<\/h2>\t\t<\/div>\n\t\t\t\t<\/div>\n\t\t\t\t<div class=\"elementor-element elementor-element-dc61bca elementor-widget elementor-widget-text-editor\" data-id=\"dc61bca\" data-element_type=\"widget\" data-widget_type=\"text-editor.default\">\n\t\t\t\t<div class=\"elementor-widget-container\">\n\t\t\t\t\t\t\t<p data-pm-slice=\"1 1 []\">Nous sensibilisons activement nos clients \u00e0 trier leurs d\u00e9chets sur place. Gr\u00e2ce \u00e0 nos efforts combin\u00e9s, nous avons constat\u00e9 une nette am\u00e9lioration dans leurs habitudes de tri depuis nos d\u00e9buts.<\/p>\t\t\t\t\t\t<\/div>\n\t\t\t\t<\/div>\n\t\t\t\t<div class=\"elementor-element elementor-element-18fce9f elementor-widget elementor-widget-heading\" data-id=\"18fce9f\" data-element_type=\"widget\" data-widget_type=\"heading.default\">\n\t\t\t\t<div class=\"elementor-widget-container\">\n\t\t\t<h2 class=\"elementor-heading-title elementor-size-default\">Alternatives v\u00e9g\u00e9tariennes<\/h2>\t\t<\/div>\n\t\t\t\t<\/div>\n\t\t\t\t<div class=\"elementor-element elementor-element-cc66d21 elementor-widget elementor-widget-text-editor\" data-id=\"cc66d21\" data-element_type=\"widget\" data-widget_type=\"text-editor.default\">\n\t\t\t\t<div class=\"elementor-widget-container\">\n\t\t\t\t\t\t\t<p data-pm-slice=\"1 1 []\">Nous proposons des alternatives v\u00e9g\u00e9tariennes sur notre menu, car offrir la possibilit\u00e9 de ne pas consommer de viande est \u00e9galement une excellente fa\u00e7on de r\u00e9duire l\u2019impact \u00e9cologique global. La production de viande est responsable d\u2019une part importante des \u00e9missions de gaz \u00e0 effet de serre, et nous voulons encourager des choix alimentaires plus durables.<\/p>\t\t\t\t\t\t<\/div>\n\t\t\t\t<\/div>\n\t\t\t\t<div class=\"elementor-element elementor-element-060d6c3 elementor-widget elementor-widget-heading\" data-id=\"060d6c3\" data-element_type=\"widget\" data-widget_type=\"heading.default\">\n\t\t\t\t<div class=\"elementor-widget-container\">\n\t\t\t<h2 class=\"elementor-heading-title elementor-size-default\">Accompagnement par Id\u00e9lux<\/h2>\t\t<\/div>\n\t\t\t\t<\/div>\n\t\t\t\t<div class=\"elementor-element elementor-element-42641b0 elementor-widget elementor-widget-text-editor\" data-id=\"42641b0\" data-element_type=\"widget\" data-widget_type=\"text-editor.default\">\n\t\t\t\t<div class=\"elementor-widget-container\">\n\t\t\t\t\t\t\t<p data-pm-slice=\"1 1 []\">Nous sommes accompagn\u00e9s par Id\u00e9lux, avec un conseiller en croissance durable qui nous aide \u00e0 identifier et \u00e0 mettre en place des bonnes pratiques pour r\u00e9duire notre consommation d\u2019\u00e9nergie et optimiser nos ressources.<\/p>\t\t\t\t\t\t<\/div>\n\t\t\t\t<\/div>\n\t\t\t\t<div class=\"elementor-element elementor-element-1359475 elementor-widget elementor-widget-heading\" data-id=\"1359475\" data-element_type=\"widget\" data-widget_type=\"heading.default\">\n\t\t\t\t<div class=\"elementor-widget-container\">\n\t\t\t<h2 class=\"elementor-heading-title elementor-size-default\">R\u00e9duction de la consommation \u00e9nerg\u00e9tique<\/h2>\t\t<\/div>\n\t\t\t\t<\/div>\n\t\t\t\t<div class=\"elementor-element elementor-element-07ceda2 elementor-widget elementor-widget-text-editor\" data-id=\"07ceda2\" data-element_type=\"widget\" data-widget_type=\"text-editor.default\">\n\t\t\t\t<div class=\"elementor-widget-container\">\n\t\t\t\t\t\t\t<p data-pm-slice=\"1 1 []\">Nous cherchons continuellement \u00e0 r\u00e9duire notre consommation d\u2019\u00e9nergie, que ce soit par l\u2019installation d\u2019\u00e9quipements \u00e0 faible consommation ou par des pratiques \u00e9coresponsables au quotidien.<\/p>\t\t\t\t\t\t<\/div>\n\t\t\t\t<\/div>\n\t\t\t\t<div class=\"elementor-element elementor-element-849e083 elementor-widget elementor-widget-spacer\" data-id=\"849e083\" data-element_type=\"widget\" data-widget_type=\"spacer.default\">\n\t\t\t\t<div class=\"elementor-widget-container\">\n\t\t\t\t\t<div class=\"elementor-spacer\">\n\t\t\t<div class=\"elementor-spacer-inner\"><\/div>\n\t\t<\/div>\n\t\t\t\t<\/div>\n\t\t\t\t<\/div>\n\t\t\t\t<div class=\"elementor-element elementor-element-f79fcca elementor-widget elementor-widget-spacer\" data-id=\"f79fcca\" data-element_type=\"widget\" data-widget_type=\"spacer.default\">\n\t\t\t\t<div class=\"elementor-widget-container\">\n\t\t\t\t\t<div class=\"elementor-spacer\">\n\t\t\t<div class=\"elementor-spacer-inner\"><\/div>\n\t\t<\/div>\n\t\t\t\t<\/div>\n\t\t\t\t<\/div>\n\t\t\t\t\t<\/div>\n\t\t<\/div>\n\t\t\t\t\t<\/div>\n\t\t<\/section>\n\t\t\t\t<\/div>\n\t\t","protected":false},"excerpt":{"rendered":"<p>\u00c9cologie Il n&rsquo;y a pas de plan\u00e8te B Nous ne sommes pas parfaits, mais nous avons choisi d\u2019agir avec coh\u00e9rence et responsabilit\u00e9. En partageant avec vous notre progression, nous esp\u00e9rons \u00e0 la fois inspirer d&rsquo;autres mais aussi sensibiliser \u00c0 La Fratrie, nous croyons qu\u2019il est essentiel d\u2019agir pour pr\u00e9server notre environnement. Nous souhaitons partager avec [&hellip;]<\/p>\n","protected":false},"author":2,"featured_media":0,"parent":0,"menu_order":0,"comment_status":"closed","ping_status":"closed","template":"elementor_header_footer","meta":{"footnotes":""},"class_list":["post-606","page","type-page","status-publish","hentry"],"_links":{"self":[{"href":"https:\/\/lafratrie.be\/index.php\/wp-json\/wp\/v2\/pages\/606","targetHints":{"allow":["GET"]}}],"collection":[{"href":"https:\/\/lafratrie.be\/index.php\/wp-json\/wp\/v2\/pages"}],"about":[{"href":"https:\/\/lafratrie.be\/index.php\/wp-json\/wp\/v2\/types\/page"}],"author":[{"embeddable":true,"href":"https:\/\/lafratrie.be\/index.php\/wp-json\/wp\/v2\/users\/2"}],"replies":[{"embeddable":true,"href":"https:\/\/lafratrie.be\/index.php\/wp-json\/wp\/v2\/comments?post=606"}],"version-history":[{"count":65,"href":"https:\/\/lafratrie.be\/index.php\/wp-json\/wp\/v2\/pages\/606\/revisions"}],"predecessor-version":[{"id":931,"href":"https:\/\/lafratrie.be\/index.php\/wp-json\/wp\/v2\/pages\/606\/revisions\/931"}],"wp:attachment":[{"href":"https:\/\/lafratrie.be\/index.php\/wp-json\/wp\/v2\/media?parent=606"}],"curies":[{"name":"wp","href":"https:\/\/api.w.org\/{rel}","templated":true}]}}